{"id":894,"date":"2017-10-17T06:22:49","date_gmt":"2017-10-17T09:22:49","guid":{"rendered":"https:\/\/www.brmedal.com.br\/product\/indicador-quimico-sil-250-classe-4\/"},"modified":"2022-11-11T09:58:32","modified_gmt":"2022-11-11T12:58:32","slug":"indicador-quimico-sil-250-classe-4","status":"publish","type":"product","link":"https:\/\/www.brmedal.com.br\/?product=indicador-quimico-sil-250-classe-4","title":{"rendered":"Indicador Qu\u00edmico de esteriliza\u00e7\u00e3o em autoclaves SIL-250 Classe 4"},"content":{"rendered":"<p class=\"prod\">Indicador qu\u00edmico classe 4 desenvolvido para a monitoriza\u00e7\u00e3o e avalia\u00e7\u00e3o dos ciclos de esteriliza\u00e7\u00e3o em autoclaves a vapor.<\/p>\n<p class=\"prod\">Sistema claro e de f\u00e1cil interpreta\u00e7\u00e3o dos resultados do processo de esteriliza\u00e7\u00e3o. Quando a esteriliza\u00e7\u00e3o for bem sucedida, o indicador qu\u00edmico (linha azul) mudar\u00e1 para marrom escuro;<\/p>\n<p class=\"prod\">Resultados imediatos logo ap\u00f3s a esteriliza\u00e7\u00e3o;<\/p>\n<p class=\"prod\">Apresenta\u00e7\u00e3o: caixa com 250 unidades;<\/p>\n<p class=\"prod\">Prazo de validade informado na embalagem do produto;<\/p>\n<p class=\"prod\">Em conformidade com a Norma ISO 11140-1;<\/p>\n<p class=\"prod\">Produto isento de registro na ANVISA;<\/p>\n<p class=\"prod\">Fabricante: SPSmedical &#8211; USA;<\/p>\n<p class=\"prod\">Para mais informa\u00e7\u00f5es, consulte o Manual de Instru\u00e7\u00f5es;<\/p>\n<p class=\"prod\">\n","protected":false},"excerpt":{"rendered":"<p>Indicador qu\u00edmico classe 4 desenvolvido para a monitoriza\u00e7\u00e3o e avalia\u00e7\u00e3o dos ciclos de esteriliza\u00e7\u00e3o em autoclaves a vapor.<\/p>\n","protected":false},"featured_media":892,"comment_status":"open","ping_status":"closed","template":"","meta":[],"product_brand":[],"product_cat":[530],"product_tag":[],"class_list":{"0":"post-894","1":"product","2":"type-product","3":"status-publish","4":"has-post-thumbnail","6":"product_cat-biosseguranca","8":"first","9":"onbackorder","10":"shipping-taxable","11":"purchasable","12":"product-type-simple"},"_links":{"self":[{"href":"https:\/\/www.brmedal.com.br\/index.php?rest_route=\/wp\/v2\/product\/894","targetHints":{"allow":["GET"]}}],"collection":[{"href":"https:\/\/www.brmedal.com.br\/index.php?rest_route=\/wp\/v2\/product"}],"about":[{"href":"https:\/\/www.brmedal.com.br\/index.php?rest_route=\/wp\/v2\/types\/product"}],"replies":[{"embeddable":true,"href":"https:\/\/www.brmedal.com.br\/index.php?rest_route=%2Fwp%2Fv2%2Fcomments&post=894"}],"wp:featuredmedia":[{"embeddable":true,"href":"https:\/\/www.brmedal.com.br\/index.php?rest_route=\/wp\/v2\/media\/892"}],"wp:attachment":[{"href":"https:\/\/www.brmedal.com.br\/index.php?rest_route=%2Fwp%2Fv2%2Fmedia&parent=894"}],"wp:term":[{"taxonomy":"product_brand","embeddable":true,"href":"https:\/\/www.brmedal.com.br\/index.php?rest_route=%2Fwp%2Fv2%2Fproduct_brand&post=894"},{"taxonomy":"product_cat","embeddable":true,"href":"https:\/\/www.brmedal.com.br\/index.php?rest_route=%2Fwp%2Fv2%2Fproduct_cat&post=894"},{"taxonomy":"product_tag","embeddable":true,"href":"https:\/\/www.brmedal.com.br\/index.php?rest_route=%2Fwp%2Fv2%2Fproduct_tag&post=894"}],"curies":[{"name":"wp","href":"https:\/\/api.w.org\/{rel}","templated":true}]}}