{"id":897,"date":"2017-10-17T07:05:36","date_gmt":"2017-10-17T10:05:36","guid":{"rendered":"https:\/\/www.brmedal.com.br\/product\/indicador-quimico-steamplus-classe-5\/"},"modified":"2022-11-11T09:52:51","modified_gmt":"2022-11-11T12:52:51","slug":"indicador-quimico-steamplus-classe-5","status":"publish","type":"product","link":"https:\/\/www.brmedal.com.br\/?product=indicador-quimico-steamplus-classe-5","title":{"rendered":"Indicador Qu\u00edmico Steamplus Classe 5"},"content":{"rendered":"<p>Indicado em todos os pacotes cir\u00fargicos, em todas as cargas em pacotes desafio para monitorar cargas em autoclaves de acordo com a RDC 15. Para servi\u00e7os n\u00e3o sujeitos \u00e0 RDC 15 (Odontologia e Veterin\u00e1ria, por exemplo) sugere-se pelo menos o uso de um integrador por dia em todos os pacotes cir\u00fargicos ou de acordo com a padroniza\u00e7\u00e3o da institui\u00e7\u00e3o, em esteriliza\u00e7\u00e3o por autoclaves a vapor.\u00a0Permite leitura imediata do resultado atrav\u00e9s da migra\u00e7\u00e3o da tinta para a \u00e1rea identificada\u00a0 azul \u201cSAFE\u201d.\u00a0Indicado tamb\u00e9m para ser armazenado em livro de registro de monitoriza\u00e7\u00e3o ou na\u00a0 ficha do paciente.<\/p>\n<p><strong>Classifica\u00e7\u00e3o:<\/strong>\u00a0Classe 5 (ISO 11140-1:2005) \/ Classe D (EN 867-1);<\/p>\n<p><strong>Composi\u00e7\u00e3o:<\/strong><strong>\u00a0<\/strong>Produto livre de chumbo, merc\u00fario,\u00a0 b\u00e1rio e l\u00e1tex. Res\u00edduo comum;<\/p>\n<p><strong>Par\u00e2metros:<\/strong>\u00a0Classe 5 &#8211; 135\u00b0C por 1,5 minutos \/ 121\u00b0C por 21 minutos;<\/p>\n<p><strong>Dimens\u00f5es da tira:<\/strong>\u00a0102 x 19 mm (L x C);<\/p>\n<p><strong>Dimens\u00f5es da embalagem:<\/strong>\u00a0128,58 x 152,40 mm;<\/p>\n<p><strong>Apresenta\u00e7\u00e3o:<\/strong>\u00a0Embalagem com 100 unidades;<\/p>\n<p>Prazo de validade informado na embalagem do produto;<\/p>\n<p>Fabricado nos USA, validado de acordo com as Norma ISO 11140-1:2005 e registrado no FDA\u00a0e de acordo com AMMI ST60;<\/p>\n<p>Produto isento de registro na ANVISA;<\/p>\n<p>Para mais informa\u00e7\u00f5es, consulte o Manual de Instru\u00e7\u00f5es.<\/p>\n<p>Este produto \u00e9 importado pela Crist\u00f3foli Biosseguran\u00e7a, empresa cujo Sistema de Gest\u00e3o de Qualidade \u00e9 certificado e est\u00e1 em conformidade com a ISO 9001- Sistema de Gest\u00e3o de Qualidade, ISO 13485 &#8211; Aparelhos M\u00e9dicos &#8211; Requisitos para Fins Regulamentares, ISO 14001 &#8211; Gest\u00e3o Ambiental e BPF &#8211; Boas Pr\u00e1ticas de Fabrica\u00e7\u00e3o (ANVISA\/RDC-N\u00ba16).<\/p>\n","protected":false},"excerpt":{"rendered":"<p>Indicador Qu\u00edmico Integrador Classe 5 desenvolvido para a monitoriza\u00e7\u00e3o e avalia\u00e7\u00e3o dos ciclos de esteriliza\u00e7\u00e3o em autoclaves a vapor. Reage a todos os par\u00e2metros cr\u00edticos do processo de esteriliza\u00e7\u00e3o a vapor (tempo, temperatura e vapor).<\/p>\n","protected":false},"featured_media":896,"comment_status":"open","ping_status":"closed","template":"","meta":[],"product_brand":[],"product_cat":[530],"product_tag":[],"class_list":{"0":"post-897","1":"product","2":"type-product","3":"status-publish","4":"has-post-thumbnail","6":"product_cat-biosseguranca","8":"first","9":"onbackorder","10":"shipping-taxable","11":"purchasable","12":"product-type-simple"},"_links":{"self":[{"href":"https:\/\/www.brmedal.com.br\/index.php?rest_route=\/wp\/v2\/product\/897","targetHints":{"allow":["GET"]}}],"collection":[{"href":"https:\/\/www.brmedal.com.br\/index.php?rest_route=\/wp\/v2\/product"}],"about":[{"href":"https:\/\/www.brmedal.com.br\/index.php?rest_route=\/wp\/v2\/types\/product"}],"replies":[{"embeddable":true,"href":"https:\/\/www.brmedal.com.br\/index.php?rest_route=%2Fwp%2Fv2%2Fcomments&post=897"}],"wp:featuredmedia":[{"embeddable":true,"href":"https:\/\/www.brmedal.com.br\/index.php?rest_route=\/wp\/v2\/media\/896"}],"wp:attachment":[{"href":"https:\/\/www.brmedal.com.br\/index.php?rest_route=%2Fwp%2Fv2%2Fmedia&parent=897"}],"wp:term":[{"taxonomy":"product_brand","embeddable":true,"href":"https:\/\/www.brmedal.com.br\/index.php?rest_route=%2Fwp%2Fv2%2Fproduct_brand&post=897"},{"taxonomy":"product_cat","embeddable":true,"href":"https:\/\/www.brmedal.com.br\/index.php?rest_route=%2Fwp%2Fv2%2Fproduct_cat&post=897"},{"taxonomy":"product_tag","embeddable":true,"href":"https:\/\/www.brmedal.com.br\/index.php?rest_route=%2Fwp%2Fv2%2Fproduct_tag&post=897"}],"curies":[{"name":"wp","href":"https:\/\/api.w.org\/{rel}","templated":true}]}}