{"id":900,"date":"2017-10-17T07:19:51","date_gmt":"2017-10-17T10:19:51","guid":{"rendered":"https:\/\/www.brmedal.com.br\/product\/mini-incubadora\/"},"modified":"2022-11-11T09:49:15","modified_gmt":"2022-11-11T12:49:15","slug":"mini-incubadora","status":"publish","type":"product","link":"https:\/\/www.brmedal.com.br\/?product=mini-incubadora","title":{"rendered":"Mini Incubadora biol\u00f3gica Crist\u00f3foli"},"content":{"rendered":"<p class=\"prod\">Incubadora biol\u00f3gica desenvolvida para incuba\u00e7\u00e3o de indicadores biol\u00f3gicos autocontidos destinados \u00e0 monitoriza\u00e7\u00e3o dos ciclos de esteriliza\u00e7\u00e3o em autoclaves a vapor.<\/p>\n<p class=\"prod\">Possibilita a incuba\u00e7\u00e3o de 4 indicadores biol\u00f3gicos (processados a vapor) simultaneamente;<\/p>\n<p class=\"prod\">Voltagem autom\u00e1tica (bivolt);<\/p>\n<p class=\"prod\">Temperatura m\u00e1xima de Incuba\u00e7\u00e3o 60 \u00baC<\/p>\n<p class=\"prod\">Capacidade 4 indicadores<\/p>\n<p class=\"prod\">Pot\u00eancia\u00a0\u00a0\u00a0\u00a0 10 Watts<\/p>\n<p class=\"prod\">Voltagem\u00a0\u00a0\u00a0 127 \/ 220 V &#8211; Comuta\u00e7\u00e3o Autom\u00e1tica<\/p>\n<p class=\"prod\">Frequ\u00eancia\u00a0 50\/60 Hz<\/p>\n<p class=\"prod\">Dimens\u00f5es\u00a0 8,7 x 7,6 cm (A x D) \/ Orif\u00edcio para o indicador: 10 x 37 mm (D x P)<\/p>\n<p class=\"prod\">Peso L\u00edquido 240 g<\/p>\n<p class=\"prod\">Peso Bruto 312 g<\/p>\n<p class=\"prod\">Este equipamento \u00e9 fabricado pela Crist\u00f3foli Biosseguran\u00e7a, empresa cujo Sistema de Gest\u00e3o de Qualidade \u00e9 certificado e est\u00e1 em conformidade com a ISO 9001- Sistema de Gest\u00e3o de Qualidade, ISO 13485 &#8211; Aparelhos M\u00e9dicos &#8211; Requisitos para Fins Regulamentares, ISO 14001 &#8211; Gest\u00e3o Ambiental e BPF &#8211; Boas Pr\u00e1ticas de Fabrica\u00e7\u00e3o (ANVISA\/RDC-N\u00ba16).<\/p>\n<p class=\"prod\">\n","protected":false},"excerpt":{"rendered":"<p>Incubadora biol\u00f3gica desenvolvida para incuba\u00e7\u00e3o de indicadores biol\u00f3gicos autocontidos destinados \u00e0 monitoriza\u00e7\u00e3o dos ciclos de esteriliza\u00e7\u00e3o em autoclaves a vapor.<\/p>\n","protected":false},"featured_media":898,"comment_status":"open","ping_status":"closed","template":"","meta":[],"product_brand":[],"product_cat":[530],"product_tag":[],"class_list":{"0":"post-900","1":"product","2":"type-product","3":"status-publish","4":"has-post-thumbnail","6":"product_cat-biosseguranca","8":"first","9":"onbackorder","10":"shipping-taxable","11":"purchasable","12":"product-type-simple"},"_links":{"self":[{"href":"https:\/\/www.brmedal.com.br\/index.php?rest_route=\/wp\/v2\/product\/900","targetHints":{"allow":["GET"]}}],"collection":[{"href":"https:\/\/www.brmedal.com.br\/index.php?rest_route=\/wp\/v2\/product"}],"about":[{"href":"https:\/\/www.brmedal.com.br\/index.php?rest_route=\/wp\/v2\/types\/product"}],"replies":[{"embeddable":true,"href":"https:\/\/www.brmedal.com.br\/index.php?rest_route=%2Fwp%2Fv2%2Fcomments&post=900"}],"wp:featuredmedia":[{"embeddable":true,"href":"https:\/\/www.brmedal.com.br\/index.php?rest_route=\/wp\/v2\/media\/898"}],"wp:attachment":[{"href":"https:\/\/www.brmedal.com.br\/index.php?rest_route=%2Fwp%2Fv2%2Fmedia&parent=900"}],"wp:term":[{"taxonomy":"product_brand","embeddable":true,"href":"https:\/\/www.brmedal.com.br\/index.php?rest_route=%2Fwp%2Fv2%2Fproduct_brand&post=900"},{"taxonomy":"product_cat","embeddable":true,"href":"https:\/\/www.brmedal.com.br\/index.php?rest_route=%2Fwp%2Fv2%2Fproduct_cat&post=900"},{"taxonomy":"product_tag","embeddable":true,"href":"https:\/\/www.brmedal.com.br\/index.php?rest_route=%2Fwp%2Fv2%2Fproduct_tag&post=900"}],"curies":[{"name":"wp","href":"https:\/\/api.w.org\/{rel}","templated":true}]}}