{"id":903,"date":"2017-10-17T07:29:45","date_gmt":"2017-10-17T10:29:45","guid":{"rendered":"https:\/\/www.brmedal.com.br\/product\/suporte-para-envelopes\/"},"modified":"2022-11-11T09:45:28","modified_gmt":"2022-11-11T12:45:28","slug":"suporte-para-envelopes","status":"publish","type":"product","link":"https:\/\/www.brmedal.com.br\/?product=suporte-para-envelopes","title":{"rendered":"Suporte de Envelopes para esteriliza\u00e7\u00e3o em autoclaves"},"content":{"rendered":"<p>Suporte de envelopes para esteriliza\u00e7\u00e3o em autoclaves a vapor;<\/p>\n<p>Al\u00e9m de facilitar a secagem, aperfei\u00e7oa a capacidade interna da autoclave, pois permite em apenas um ciclo, a esteriliza\u00e7\u00e3o simult\u00e2nea de 13 envelopes (Vitale &#8211; Vitale Pus\u00a012) ou 26 envelopes com o uso de dois suportes (Vitale &#8211; Vitale Pus 21);<\/p>\n<p class=\"prod\">Capacidade 13 Unidades<\/p>\n<p class=\"prod\">Dimens\u00f5es 17,5 x 6,5 x 19 cm (L x A x P)<\/p>\n<p class=\"prod\">Peso L\u00edquido 200 g<\/p>\n","protected":false},"excerpt":{"rendered":"<p>Suporte de envelopes para esteriliza\u00e7\u00e3o em autoclaves a vapor;<\/p>\n<p>&nbsp;<\/p>\n","protected":false},"featured_media":901,"comment_status":"open","ping_status":"closed","template":"","meta":[],"product_brand":[],"product_cat":[530],"product_tag":[],"class_list":{"0":"post-903","1":"product","2":"type-product","3":"status-publish","4":"has-post-thumbnail","6":"product_cat-biosseguranca","8":"first","9":"onbackorder","10":"shipping-taxable","11":"product-type-simple"},"_links":{"self":[{"href":"https:\/\/www.brmedal.com.br\/index.php?rest_route=\/wp\/v2\/product\/903","targetHints":{"allow":["GET"]}}],"collection":[{"href":"https:\/\/www.brmedal.com.br\/index.php?rest_route=\/wp\/v2\/product"}],"about":[{"href":"https:\/\/www.brmedal.com.br\/index.php?rest_route=\/wp\/v2\/types\/product"}],"replies":[{"embeddable":true,"href":"https:\/\/www.brmedal.com.br\/index.php?rest_route=%2Fwp%2Fv2%2Fcomments&post=903"}],"wp:featuredmedia":[{"embeddable":true,"href":"https:\/\/www.brmedal.com.br\/index.php?rest_route=\/wp\/v2\/media\/901"}],"wp:attachment":[{"href":"https:\/\/www.brmedal.com.br\/index.php?rest_route=%2Fwp%2Fv2%2Fmedia&parent=903"}],"wp:term":[{"taxonomy":"product_brand","embeddable":true,"href":"https:\/\/www.brmedal.com.br\/index.php?rest_route=%2Fwp%2Fv2%2Fproduct_brand&post=903"},{"taxonomy":"product_cat","embeddable":true,"href":"https:\/\/www.brmedal.com.br\/index.php?rest_route=%2Fwp%2Fv2%2Fproduct_cat&post=903"},{"taxonomy":"product_tag","embeddable":true,"href":"https:\/\/www.brmedal.com.br\/index.php?rest_route=%2Fwp%2Fv2%2Fproduct_tag&post=903"}],"curies":[{"name":"wp","href":"https:\/\/api.w.org\/{rel}","templated":true}]}}