{"id":909,"date":"2017-10-18T08:01:11","date_gmt":"2017-10-18T11:01:11","guid":{"rendered":"https:\/\/www.brmedal.com.br\/product\/cadeira-new-croma-techno-v-mocho\/"},"modified":"2022-11-11T09:37:41","modified_gmt":"2022-11-11T12:37:41","slug":"cadeira-new-croma-techno-v-mocho","status":"publish","type":"product","link":"https:\/\/www.brmedal.com.br\/?product=cadeira-new-croma-techno-v-mocho","title":{"rendered":"Cadeira consult\u00f3rio odontol\u00f3gico New Croma Techno V + Mocho"},"content":{"rendered":"<p><strong>Caracter\u00edsticas<\/strong><\/p>\n<p>Est\u00e1vel e robusto, pr\u00e1tico e inovador.<\/p>\n<p>Unidade de \u00e1gua rebat\u00edvel em 90\u00ba<\/p>\n<p>Bra\u00e7o assistente<\/p>\n<p>\u2022 Suctor venturi | Suctor vac plus<\/p>\n<p>Encosto de cabe\u00e7a biarticulado<\/p>\n<p>1 bra\u00e7o fixo e 1 bra\u00e7o escamote\u00e1vel<\/p>\n<p>Sistema de seguran\u00e7a anti-esmagamento<\/p>\n<p>Pedal acoplado com 7 fun\u00e7\u00f5es \u2013 sistema joystick (3 posi\u00e7\u00f5es de trabalho, volta a zero, posi\u00e7\u00e3o de cuspir, controle de intensidade do refletor)<\/p>\n<p>Base forte em a\u00e7o estruturado com Integral Skin<\/p>\n<p>Sistema de regulagem de n\u00edvel de estabilidade<\/p>\n<p>25 op\u00e7\u00f5es de cores: (premium | elegance | standard)<\/p>\n<p>Equipo Techno com bra\u00e7o pneum\u00e1tico<\/p>\n<p>\u2022Seringa tr\u00edplice<\/p>\n<p>\u20222 terminais de pe\u00e7as de m\u00e3o<\/p>\n<p>\u2022Bandeja remov\u00edvel em a\u00e7o inox<\/p>\n<p>\u2022Acionamento do bra\u00e7o pneum\u00e1tico<\/p>\n<p>\u2022Arm Lock<\/p>\n<p>Refletor Reflex Led (item opcional)<\/p>\n","protected":false},"excerpt":{"rendered":"<p>Est\u00e1vel e robusto, pr\u00e1tico e inovador.<\/p>\n","protected":false},"featured_media":907,"comment_status":"open","ping_status":"closed","template":"","meta":[],"product_brand":[],"product_cat":[538],"product_tag":[],"class_list":{"0":"post-909","1":"product","2":"type-product","3":"status-publish","4":"has-post-thumbnail","6":"product_cat-consultorios","8":"first","9":"onbackorder","10":"shipping-taxable","11":"purchasable","12":"product-type-simple"},"_links":{"self":[{"href":"https:\/\/www.brmedal.com.br\/index.php?rest_route=\/wp\/v2\/product\/909","targetHints":{"allow":["GET"]}}],"collection":[{"href":"https:\/\/www.brmedal.com.br\/index.php?rest_route=\/wp\/v2\/product"}],"about":[{"href":"https:\/\/www.brmedal.com.br\/index.php?rest_route=\/wp\/v2\/types\/product"}],"replies":[{"embeddable":true,"href":"https:\/\/www.brmedal.com.br\/index.php?rest_route=%2Fwp%2Fv2%2Fcomments&post=909"}],"wp:featuredmedia":[{"embeddable":true,"href":"https:\/\/www.brmedal.com.br\/index.php?rest_route=\/wp\/v2\/media\/907"}],"wp:attachment":[{"href":"https:\/\/www.brmedal.com.br\/index.php?rest_route=%2Fwp%2Fv2%2Fmedia&parent=909"}],"wp:term":[{"taxonomy":"product_brand","embeddable":true,"href":"https:\/\/www.brmedal.com.br\/index.php?rest_route=%2Fwp%2Fv2%2Fproduct_brand&post=909"},{"taxonomy":"product_cat","embeddable":true,"href":"https:\/\/www.brmedal.com.br\/index.php?rest_route=%2Fwp%2Fv2%2Fproduct_cat&post=909"},{"taxonomy":"product_tag","embeddable":true,"href":"https:\/\/www.brmedal.com.br\/index.php?rest_route=%2Fwp%2Fv2%2Fproduct_tag&post=909"}],"curies":[{"name":"wp","href":"https:\/\/api.w.org\/{rel}","templated":true}]}}