{"id":915,"date":"2017-10-18T08:50:59","date_gmt":"2017-10-18T11:50:59","guid":{"rendered":"https:\/\/www.brmedal.com.br\/product\/camera-intraoral\/"},"modified":"2022-11-11T09:31:39","modified_gmt":"2022-11-11T12:31:39","slug":"camera-intraoral","status":"publish","type":"product","link":"https:\/\/www.brmedal.com.br\/?product=camera-intraoral","title":{"rendered":"C\u00e2mera Intraoral"},"content":{"rendered":"<p>C\u00e2mera intraoral com 3.1 megapixels &#8211; qualidade \u00fanica de imagem!<\/p>\n<p>&#8211; Focaliza\u00e7\u00e3o e disparo de fotos autom\u00e1ticos.<\/p>\n<p>&#8211; Faz v\u00eddeos.<\/p>\n<p>&#8211; Agilidade de manuseio.<\/p>\n<p>&#8211; Comunica\u00e7\u00e3o direta com o paciente.<\/p>\n<p>&#8211; Praticidade no atendimento.<\/p>\n<p>&#8211; R\u00e1pida aprova\u00e7\u00e3o de or\u00e7amento.<\/p>\n<p>&#8211; Documenta\u00e7\u00e3o e valoriza\u00e7\u00e3o do tratamento.<\/p>\n","protected":false},"excerpt":{"rendered":"<p>C\u00e2mera intraoral com 3.1 megapixels &#8211; qualidade \u00fanica de imagem!<\/p>\n","protected":false},"featured_media":913,"comment_status":"open","ping_status":"closed","template":"","meta":[],"product_brand":[],"product_cat":[538,510,560],"product_tag":[],"class_list":{"0":"post-915","1":"product","2":"type-product","3":"status-publish","4":"has-post-thumbnail","6":"product_cat-consultorios","7":"product_cat-odontologia","8":"product_cat-pecas-de-mao","10":"first","11":"onbackorder","12":"shipping-taxable","13":"purchasable","14":"product-type-simple"},"_links":{"self":[{"href":"https:\/\/www.brmedal.com.br\/index.php?rest_route=\/wp\/v2\/product\/915","targetHints":{"allow":["GET"]}}],"collection":[{"href":"https:\/\/www.brmedal.com.br\/index.php?rest_route=\/wp\/v2\/product"}],"about":[{"href":"https:\/\/www.brmedal.com.br\/index.php?rest_route=\/wp\/v2\/types\/product"}],"replies":[{"embeddable":true,"href":"https:\/\/www.brmedal.com.br\/index.php?rest_route=%2Fwp%2Fv2%2Fcomments&post=915"}],"wp:featuredmedia":[{"embeddable":true,"href":"https:\/\/www.brmedal.com.br\/index.php?rest_route=\/wp\/v2\/media\/913"}],"wp:attachment":[{"href":"https:\/\/www.brmedal.com.br\/index.php?rest_route=%2Fwp%2Fv2%2Fmedia&parent=915"}],"wp:term":[{"taxonomy":"product_brand","embeddable":true,"href":"https:\/\/www.brmedal.com.br\/index.php?rest_route=%2Fwp%2Fv2%2Fproduct_brand&post=915"},{"taxonomy":"product_cat","embeddable":true,"href":"https:\/\/www.brmedal.com.br\/index.php?rest_route=%2Fwp%2Fv2%2Fproduct_cat&post=915"},{"taxonomy":"product_tag","embeddable":true,"href":"https:\/\/www.brmedal.com.br\/index.php?rest_route=%2Fwp%2Fv2%2Fproduct_tag&post=915"}],"curies":[{"name":"wp","href":"https:\/\/api.w.org\/{rel}","templated":true}]}}