{"id":924,"date":"2017-10-19T08:00:53","date_gmt":"2017-10-19T11:00:53","guid":{"rendered":"https:\/\/www.brmedal.com.br\/product\/caneta-cirurgica-angulada-11\/"},"modified":"2025-06-30T20:39:42","modified_gmt":"2025-06-30T23:39:42","slug":"caneta-cirurgica-angulada-11","status":"publish","type":"product","link":"https:\/\/www.brmedal.com.br\/?product=caneta-cirurgica-angulada-11","title":{"rendered":"Caneta Cir\u00fargica Angulada 1:1"},"content":{"rendered":"<p>&nbsp;<\/p>\n<table>\n<tbody>\n<tr>\n<td colspan=\"2\"><strong>Caracter\u00edsticas t\u00e9cnicas<\/strong><\/td>\n<\/tr>\n<tr>\n<td>Acionamento<\/td>\n<td>Motor pneum\u00e1tico ou motor el\u00e9trico<\/td>\n<\/tr>\n<tr>\n<td>Peso da caneta<\/td>\n<td>70g<\/td>\n<\/tr>\n<tr>\n<td>Transmiss\u00e3o<\/td>\n<td>1:1<\/td>\n<\/tr>\n<tr>\n<td>Rota\u00e7\u00e3o<\/td>\n<td>M\u00e1xima de 40.000 rpm<\/td>\n<\/tr>\n<tr>\n<td>Irriga\u00e7\u00e3o<\/td>\n<td>Externa<\/td>\n<\/tr>\n<tr>\n<td>Conex\u00e3o<\/td>\n<td>Sistema intra<\/td>\n<\/tr>\n<\/tbody>\n<\/table>\n<p><strong>Materiais acompanhantes:<\/strong><\/p>\n<ul>\n<li>01 estojo para transporte e acondicionamento da pe\u00e7a;<\/li>\n<li>01 anel de refrigera\u00e7\u00e3o da ponteira;<\/li>\n<li>01 \u00f3leo lubrificante;<\/li>\n<li>01 manual e certificado de garantia.<\/li>\n<\/ul>\n<table>\n<tbody>\n<tr>\n<td><strong>Comprimento:<\/strong><\/td>\n<td><strong>Altura:<\/strong><\/td>\n<td><strong>Largura:<\/strong><\/td>\n<td><strong>Peso:<\/strong><\/td>\n<\/tr>\n<tr>\n<td><strong>20,00 cm<\/strong><\/td>\n<td><strong>4,00 cm<\/strong><\/td>\n<td><strong>6,00 cm<\/strong><\/td>\n<td><strong>0,070 Kg<\/strong><\/td>\n<\/tr>\n<\/tbody>\n<\/table>\n","protected":false},"excerpt":{"rendered":"<p><strong>A Caneta Cir\u00fargica Angulada 1:1<\/strong>\u00a0<strong>&#8211; Dentscler<\/strong>\u00a0 \u00e9 fabricada com mat\u00e9ria prima selecionada e\u00a0ideal para\u00a0diversos\u00a0procedimentos cir\u00fargicos como, pl\u00e1sticas, cirurgias buco-maxilo-faciais, implantes, otorrino, etc.<\/p>\n<p>Este equipamento tem um excelente desempenho devido ao alto torque proporcionado e rota\u00e7\u00e3o atingida.<\/p>\n<p>Com ponteira fina e delgada que facilita o acesso as \u00e1reas mais dif\u00edceis, devido a sua angula\u00e7\u00e3o, proporciona maior visibilidade durante os procedimentos cir\u00fargicos.<\/p>\n<p><strong>EM AT\u00c9 5X SEM JUROS!<\/strong><\/p>\n","protected":false},"featured_media":922,"comment_status":"open","ping_status":"closed","template":"","meta":[],"product_brand":[],"product_cat":[560],"product_tag":[],"class_list":{"0":"post-924","1":"product","2":"type-product","3":"status-publish","4":"has-post-thumbnail","6":"product_cat-pecas-de-mao","8":"first","9":"instock","10":"shipping-taxable","11":"purchasable","12":"product-type-simple"},"_links":{"self":[{"href":"https:\/\/www.brmedal.com.br\/index.php?rest_route=\/wp\/v2\/product\/924","targetHints":{"allow":["GET"]}}],"collection":[{"href":"https:\/\/www.brmedal.com.br\/index.php?rest_route=\/wp\/v2\/product"}],"about":[{"href":"https:\/\/www.brmedal.com.br\/index.php?rest_route=\/wp\/v2\/types\/product"}],"replies":[{"embeddable":true,"href":"https:\/\/www.brmedal.com.br\/index.php?rest_route=%2Fwp%2Fv2%2Fcomments&post=924"}],"wp:featuredmedia":[{"embeddable":true,"href":"https:\/\/www.brmedal.com.br\/index.php?rest_route=\/wp\/v2\/media\/922"}],"wp:attachment":[{"href":"https:\/\/www.brmedal.com.br\/index.php?rest_route=%2Fwp%2Fv2%2Fmedia&parent=924"}],"wp:term":[{"taxonomy":"product_brand","embeddable":true,"href":"https:\/\/www.brmedal.com.br\/index.php?rest_route=%2Fwp%2Fv2%2Fproduct_brand&post=924"},{"taxonomy":"product_cat","embeddable":true,"href":"https:\/\/www.brmedal.com.br\/index.php?rest_route=%2Fwp%2Fv2%2Fproduct_cat&post=924"},{"taxonomy":"product_tag","embeddable":true,"href":"https:\/\/www.brmedal.com.br\/index.php?rest_route=%2Fwp%2Fv2%2Fproduct_tag&post=924"}],"curies":[{"name":"wp","href":"https:\/\/api.w.org\/{rel}","templated":true}]}}