{"id":9974,"date":"2019-05-24T08:04:10","date_gmt":"2019-05-24T11:04:10","guid":{"rendered":"https:\/\/www.brmedal.com.br\/product\/contador-de-celulas-alb-300-cc\/"},"modified":"2025-07-01T15:11:31","modified_gmt":"2025-07-01T18:11:31","slug":"contador-de-celulas-alb-300-cc","status":"publish","type":"product","link":"https:\/\/www.brmedal.com.br\/?product=contador-de-celulas-alb-300-cc","title":{"rendered":"Contador de C\u00e9lulas ALB 300 CC"},"content":{"rendered":"<p>Design atual e arrojado; Carca\u00e7a em \u201cvacuum forming\u201d- Poliestireno de 04 mm.<\/p>\n<p>Novo software, mais pr\u00e1tico, com melhor visualiza\u00e7\u00e3o dos resultados, mantendo a mesma efici\u00eancia.<\/p>\n<p>Teclado &#8211; 12 teclas de alta durabilidade, personalizados com o nome das c\u00e9lulas.<\/p>\n<p>Painel &#8211; Policarbonato<\/p>\n<p>Display &#8211; LCD azul de 02 linhas x 40 colunas<\/p>\n<p>Configura\u00e7\u00f5es do instrumento: Numero de c\u00e9lulas a ser contada: 50; 100 ou infinito. Bip Data e hora<\/p>\n<p>Configura\u00e7\u00e3o do paciente \u2013 N\u00famero, idade e sexo.<\/p>\n<p>Resultados: Leuc\u00f3citos absolutos e relativos.<\/p>\n<p>VCM, HCM CHCM.<\/p>\n<p>Tens\u00e3o &#8211; Bivolt autom\u00e1tico<\/p>\n<p>Corrente &#8211; 0,5 A<\/p>\n<p>Frequ\u00eancia &#8211; 60 Hz<\/p>\n<p>Dimens\u00f5es &#8211; 300 x 90 x 200 mm (L x A x P)<\/p>\n<p>Peso &#8211; 0.930 kg<\/p>\n<p>Dimens\u00f5es &#8211; 360 x 160 x 280 mm (L x A x P)<\/p>\n<p>Dimens\u00f5es &#8211; 1.400 kg<\/p>\n","protected":false},"excerpt":{"rendered":"<p>Novo software, mais pr\u00e1tico, com melhor visualiza\u00e7\u00e3o dos resultados, mantendo a mesma efici\u00eancia.<\/p>\n<p>Teclado &#8211; 12 teclas de alta durabilidade, personalizados com o nome das c\u00e9lulas.<\/p>\n<p><strong>Prazo de entrega: 10 dias\u00a0<\/strong><\/p>\n<p><strong>Em at\u00e9 5x sem juros no cart\u00e3o pela Asaas<\/strong><\/p>\n","protected":false},"featured_media":14039,"comment_status":"open","ping_status":"closed","template":"","meta":[],"product_brand":[],"product_cat":[776,535,508,509],"product_tag":[],"class_list":{"0":"post-9974","1":"product","2":"type-product","3":"status-publish","4":"has-post-thumbnail","6":"product_cat-destaque","7":"product_cat-equipamentos-medicina","8":"product_cat-inicio","9":"product_cat-medicina","11":"first","12":"instock","13":"shipping-taxable","14":"purchasable","15":"product-type-simple"},"_links":{"self":[{"href":"https:\/\/www.brmedal.com.br\/index.php?rest_route=\/wp\/v2\/product\/9974","targetHints":{"allow":["GET"]}}],"collection":[{"href":"https:\/\/www.brmedal.com.br\/index.php?rest_route=\/wp\/v2\/product"}],"about":[{"href":"https:\/\/www.brmedal.com.br\/index.php?rest_route=\/wp\/v2\/types\/product"}],"replies":[{"embeddable":true,"href":"https:\/\/www.brmedal.com.br\/index.php?rest_route=%2Fwp%2Fv2%2Fcomments&post=9974"}],"wp:featuredmedia":[{"embeddable":true,"href":"https:\/\/www.brmedal.com.br\/index.php?rest_route=\/wp\/v2\/media\/14039"}],"wp:attachment":[{"href":"https:\/\/www.brmedal.com.br\/index.php?rest_route=%2Fwp%2Fv2%2Fmedia&parent=9974"}],"wp:term":[{"taxonomy":"product_brand","embeddable":true,"href":"https:\/\/www.brmedal.com.br\/index.php?rest_route=%2Fwp%2Fv2%2Fproduct_brand&post=9974"},{"taxonomy":"product_cat","embeddable":true,"href":"https:\/\/www.brmedal.com.br\/index.php?rest_route=%2Fwp%2Fv2%2Fproduct_cat&post=9974"},{"taxonomy":"product_tag","embeddable":true,"href":"https:\/\/www.brmedal.com.br\/index.php?rest_route=%2Fwp%2Fv2%2Fproduct_tag&post=9974"}],"curies":[{"name":"wp","href":"https:\/\/api.w.org\/{rel}","templated":true}]}}